{"id":40,"date":"2015-11-18T15:20:31","date_gmt":"2015-11-18T15:20:31","guid":{"rendered":"http:\/\/www.polonifranco.com\/?page_id=40"},"modified":"2016-04-05T14:04:51","modified_gmt":"2016-04-05T14:04:51","slug":"la-storia","status":"publish","type":"page","link":"https:\/\/polonifranco.com\/it\/la-storia\/","title":{"rendered":"La storia"},"content":{"rendered":"<div class=\"outer\"><div class=\"wpb_row\"><div class=\"container clearfix\"><div class=\"column vc_span3 wpb_column column_container\"><div class=\"inner\"><div class=\"shortcode-image\"><div class=\"img img-hover\"><a href=\"https:\/\/polonifranco.com\/wp-content\/uploads\/2016\/03\/slide8.jpg\" class=\"fancybox-gallery\"><img loading=\"lazy\" decoding=\"async\" width=\"460\" height=\"245\" src=\"https:\/\/polonifranco.com\/wp-content\/uploads\/2016\/03\/slide8-460x245.jpg\" alt=\"\" title=\"\" \/><div class=\"overlay\"><\/div><\/a><\/div><\/div><\/div><\/div><div class=\"column vc_span9 wpb_column column_container\"><div class=\"inner\"><div class=\"wpb_text_column wpb_content_element\"><div class=\"wpb_wrapper clearfix\">La<strong> &#8220;POLONI FRANCO SRL&#8221;<\/strong> nasce quaranta anni fa e subito si fa apprezzare per la competenza e la professionalit\u00e0 dimostrate.<br \/>\nCol passare del tempo l&#8217;esperienza e l&#8217;audacia dei titolari portano l&#8217;azienda al raggiungimento di traguardi importanti e questo naturalmente si trasmette al servizio offerto alla clientela in termini di consulenza, assortimento e garanzia sui prodotti.<\/p>\n<p>Da POLONI FRANCO SRL troverete tutti i ricambi per i mezzi pesanti, dal motore al singolo bullone. Inoltre disponiamo di un vasto assortimento di motori marini.<br \/>\nLa nostra offerta comprende anche una variet\u00e0 di gruppi elettrogeni e la vendita di autocarri. Tuttavia il nostro punto di forza \u00e8 l&#8217;assortimento di differenziali, assali e cambi. Disponiamo di una vasta quantit\u00e0 di prodotti per ogni macchina e di qualsiasi produttore.<br \/>\nInutile aggiungere che siamo in grado di farvi avere un preventivo in giornata e una consegna rapidissima, sia in Italia che all&#8217;estero.<\/p>\n<p>Contattateci per qualsiasi informazione e per avere un preventivo.<\/div><\/div><\/div><\/div><\/div><\/div>\n<\/div>","protected":false},"excerpt":{"rendered":"La \"POLONI FRANCO SRL\" nasce quaranta anni fa e subito si fa apprezzare per la competenza e la professionalit\u00e0 dimostrate. Col passare del tempo l'esperienza e l'audacia dei titolari portano l'azienda al raggiungimento di traguardi importanti e questo naturalmente si trasmette al servizio offerto alla clientela in termini di consulenza, assortimento e garanzia sui prodotti. [...]","protected":false},"author":1,"featured_media":0,"parent":0,"menu_order":0,"comment_status":"closed","ping_status":"closed","template":"","meta":{"footnotes":""},"class_list":["post-40","page","type-page","status-publish","hentry"],"_links":{"self":[{"href":"https:\/\/polonifranco.com\/it\/wp-json\/wp\/v2\/pages\/40","targetHints":{"allow":["GET"]}}],"collection":[{"href":"https:\/\/polonifranco.com\/it\/wp-json\/wp\/v2\/pages"}],"about":[{"href":"https:\/\/polonifranco.com\/it\/wp-json\/wp\/v2\/types\/page"}],"author":[{"embeddable":true,"href":"https:\/\/polonifranco.com\/it\/wp-json\/wp\/v2\/users\/1"}],"replies":[{"embeddable":true,"href":"https:\/\/polonifranco.com\/it\/wp-json\/wp\/v2\/comments?post=40"}],"version-history":[{"count":20,"href":"https:\/\/polonifranco.com\/it\/wp-json\/wp\/v2\/pages\/40\/revisions"}],"predecessor-version":[{"id":203,"href":"https:\/\/polonifranco.com\/it\/wp-json\/wp\/v2\/pages\/40\/revisions\/203"}],"wp:attachment":[{"href":"https:\/\/polonifranco.com\/it\/wp-json\/wp\/v2\/media?parent=40"}],"curies":[{"name":"wp","href":"https:\/\/api.w.org\/{rel}","templated":true}]}}