{"id":47,"date":"2015-11-18T15:22:51","date_gmt":"2015-11-18T15:22:51","guid":{"rendered":"http:\/\/www.polonifranco.com\/?page_id=47"},"modified":"2020-06-22T16:54:04","modified_gmt":"2020-06-22T16:54:04","slug":"home","status":"publish","type":"page","link":"https:\/\/polonifranco.com\/es\/","title":{"rendered":"Home"},"content":{"rendered":"<div class=\"outer\"><div class=\"wpb_row\"><div class=\"container clearfix\"><div class=\"column vc_span12 wpb_column column_container\"><div class=\"inner\"> <div class=\"wpb_layerslider_element wpb_content_element\"><script data-cfasync=\"false\" type=\"text\/javascript\">var lsjQuery = jQuery;<\/script><script data-cfasync=\"false\" type=\"text\/javascript\"> lsjQuery(document).ready(function() { if(typeof lsjQuery.fn.layerSlider == \"undefined\") { lsShowNotice('layerslider_1_3','jquery'); } else { lsjQuery(\"#layerslider_1_3\").layerSlider({skinsPath: 'https:\/\/polonifranco.com\/wp-content\/plugins\/LayerSlider\/static\/skins\/'}) } }); <\/script><div id=\"layerslider_1_3\" class=\"ls-wp-container\" style=\"width:1170px;height:500px;margin:0 auto;margin-bottom: 0px;\"><div class=\"ls-slide\" data-ls=\" transition2d: all;\"><img decoding=\"async\" src=\"https:\/\/polonifranco.com\/wp-content\/uploads\/2020\/09\/1.jpg\" class=\"ls-bg\" alt=\"1\" \/><\/div><div class=\"ls-slide\" data-ls=\" transition2d: all;\"><img decoding=\"async\" src=\"https:\/\/polonifranco.com\/wp-content\/uploads\/2020\/09\/2.jpg\" class=\"ls-bg\" alt=\"2\" \/><\/div><div class=\"ls-slide\" data-ls=\" transition2d: all;\"><img decoding=\"async\" src=\"https:\/\/polonifranco.com\/wp-content\/uploads\/2020\/09\/3.jpg\" class=\"ls-bg\" alt=\"3\" \/><\/div><div class=\"ls-slide\" data-ls=\" transition2d: all;\"><img decoding=\"async\" src=\"https:\/\/polonifranco.com\/wp-content\/uploads\/2020\/09\/4.jpg\" class=\"ls-bg\" alt=\"4\" \/><\/div><div class=\"ls-slide\" data-ls=\" transition2d: all;\"><img decoding=\"async\" src=\"https:\/\/polonifranco.com\/wp-content\/uploads\/2020\/09\/5.jpg\" class=\"ls-bg\" alt=\"5\" \/><\/div><div class=\"ls-slide\" data-ls=\" transition2d: all;\"><img decoding=\"async\" src=\"https:\/\/polonifranco.com\/wp-content\/uploads\/2020\/09\/6.jpg\" class=\"ls-bg\" alt=\"6\" \/><\/div><div class=\"ls-slide\" data-ls=\" transition2d: all;\"><img decoding=\"async\" src=\"https:\/\/polonifranco.com\/wp-content\/uploads\/2020\/09\/7.jpg\" class=\"ls-bg\" alt=\"7\" \/><\/div><div class=\"ls-slide\" data-ls=\" transition2d: all;\"><img decoding=\"async\" src=\"https:\/\/polonifranco.com\/wp-content\/uploads\/2020\/09\/8.jpg\" class=\"ls-bg\" alt=\"8\" \/><\/div><div class=\"ls-slide\" data-ls=\" transition2d: all;\"><img decoding=\"async\" src=\"https:\/\/polonifranco.com\/wp-content\/uploads\/2020\/09\/9.jpg\" class=\"ls-bg\" alt=\"9\" \/><\/div><div class=\"ls-slide\" data-ls=\" transition2d: all;\"><img decoding=\"async\" src=\"https:\/\/polonifranco.com\/wp-content\/uploads\/2020\/09\/10.jpg\" class=\"ls-bg\" alt=\"10\" \/><\/div><div class=\"ls-slide\" data-ls=\" transition2d: all;\"><img decoding=\"async\" src=\"https:\/\/polonifranco.com\/wp-content\/uploads\/2020\/09\/11.jpg\" class=\"ls-bg\" alt=\"11\" \/><\/div><div class=\"ls-slide\" data-ls=\" transition2d: all;\"><img decoding=\"async\" src=\"https:\/\/polonifranco.com\/wp-content\/uploads\/2020\/09\/12.jpg\" class=\"ls-bg\" alt=\"12\" \/><\/div><div class=\"ls-slide\" data-ls=\" transition2d: all;\"><img decoding=\"async\" src=\"https:\/\/polonifranco.com\/wp-content\/uploads\/2020\/09\/13.jpg\" class=\"ls-bg\" alt=\"13\" \/><\/div><div class=\"ls-slide\" data-ls=\" transition2d: all;\"><img decoding=\"async\" src=\"https:\/\/polonifranco.com\/wp-content\/uploads\/2020\/09\/14.jpg\" class=\"ls-bg\" alt=\"14\" \/><\/div><div class=\"ls-slide\" data-ls=\" transition2d: all;\"><img decoding=\"async\" src=\"https:\/\/polonifranco.com\/wp-content\/uploads\/2020\/09\/15.jpg\" class=\"ls-bg\" alt=\"15\" \/><\/div><div class=\"ls-slide\" data-ls=\" transition2d: all;\"><img decoding=\"async\" src=\"https:\/\/polonifranco.com\/wp-content\/uploads\/2020\/09\/16.jpg\" class=\"ls-bg\" alt=\"16\" \/><\/div><\/div><\/div><\/div><\/div><\/div><\/div><div class=\"wpb_row\"><div class=\"container clearfix\"><div class=\"column vc_span4 wpb_column column_container\"><div class=\"inner\"><h3 class=\"shortcode-title\"><span>Historia<\/span><\/h3><div class=\"wpb_text_column wpb_content_element\"><div class=\"wpb_wrapper clearfix\">El<strong> \u201cPOLONI FRANCO SRL\u201d<\/strong> naci\u00f3 hace cuarenta a\u00f1os e inmediatamente se hace apreciar por la competencia y el profesionalismo muestra. Como a\u00f1os van por la experiencia y la audacia de los poseedores lleva la empresa al logro de importante termina y se transmiten este hechos naturalmente al servicio le ofreci\u00f3 a la clientela en cuanto a llamado a consulta, surtido y garant\u00eda en los productos.<\/div><\/div><\/div><\/div><div class=\"column vc_span8 wpb_column column_container\"><div class=\"inner\"><h3 class=\"shortcode-title\"><span>Galer\u00eda de producto<\/span><\/h3><div class=\"wpb_text_column wpb_content_element\"><div class=\"wpb_wrapper clearfix\"><\/div><\/div><\/div><\/div><\/div><\/div><div class=\"wpb_row\"><div class=\"container clearfix\"><div class=\"column vc_span12 wpb_column column_container\"><div class=\"inner\"><h3 class=\"shortcode-title\"><span>Ubicaci\u00f3n<\/span><\/h3><div class=\"shortcode-gmap\"><div id=\"gmap\" style=\"width:100%; height:500px;\"><\/div><\/div>\r\n\t\t<script type=\"text\/javascript\">\r\n\t\tjQuery(document).ready(function() {\r\n\t\t\t jQuery(\"#gmap\").gmap3({\r\n\t\t\t\tmarker: {\r\n\t\t\t\t\tlatLng: [43.2772561, 13.4921336]\r\n\t\t\t\t},\r\n\t\t\t\tmap: {\r\n\t\t\t\t\toptions: { \r\n\t\t\t\t\t\tzoom: 15,  \r\n\t\t\t\t\t\tscrollwheel: false,\r\n\t\t\t\t\t\tnavigationControl: true,\r\n                        mapTypeControl: false\r\n\t\t\t\t\t}\r\n\t\t\t\t}\r\n\t\t\t });\r\n\t\t});\r\n\t\t<\/script>\r\n\t\t<\/div><\/div><\/div><\/div>\n<\/div>","protected":false},"excerpt":{"rendered":"var lsjQuery = jQuery; lsjQuery(document).ready(function() { if(typeof lsjQuery.fn.layerSlider == \"undefined\") { lsShowNotice('layerslider_1_6','jquery'); } else { lsjQuery(\"#layerslider_1_6\").layerSlider({skinsPath: 'https:\/\/polonifranco.com\/wp-content\/plugins\/LayerSlider\/static\/skins\/'}) } }); HistoriaEl \u201cPOLONI FRANCO SRL\u201d naci\u00f3 hace cuarenta a\u00f1os e inmediatamente se hace apreciar por la competencia y el profesionalismo muestra. Como a\u00f1os van por la experiencia y la audacia de los poseedores lleva la empresa al [...]","protected":false},"author":1,"featured_media":0,"parent":0,"menu_order":0,"comment_status":"closed","ping_status":"closed","template":"","meta":{"footnotes":""},"class_list":["post-47","page","type-page","status-publish","hentry"],"_links":{"self":[{"href":"https:\/\/polonifranco.com\/es\/wp-json\/wp\/v2\/pages\/47","targetHints":{"allow":["GET"]}}],"collection":[{"href":"https:\/\/polonifranco.com\/es\/wp-json\/wp\/v2\/pages"}],"about":[{"href":"https:\/\/polonifranco.com\/es\/wp-json\/wp\/v2\/types\/page"}],"author":[{"embeddable":true,"href":"https:\/\/polonifranco.com\/es\/wp-json\/wp\/v2\/users\/1"}],"replies":[{"embeddable":true,"href":"https:\/\/polonifranco.com\/es\/wp-json\/wp\/v2\/comments?post=47"}],"version-history":[{"count":30,"href":"https:\/\/polonifranco.com\/es\/wp-json\/wp\/v2\/pages\/47\/revisions"}],"predecessor-version":[{"id":609,"href":"https:\/\/polonifranco.com\/es\/wp-json\/wp\/v2\/pages\/47\/revisions\/609"}],"wp:attachment":[{"href":"https:\/\/polonifranco.com\/es\/wp-json\/wp\/v2\/media?parent=47"}],"curies":[{"name":"wp","href":"https:\/\/api.w.org\/{rel}","templated":true}]}}