{"id":40,"date":"2015-11-18T15:20:31","date_gmt":"2015-11-18T15:20:31","guid":{"rendered":"http:\/\/www.polonifranco.com\/?page_id=40"},"modified":"2016-04-05T14:04:51","modified_gmt":"2016-04-05T14:04:51","slug":"la-storia","status":"publish","type":"page","link":"https:\/\/polonifranco.com\/es\/la-storia\/","title":{"rendered":"Historia"},"content":{"rendered":"<div class=\"outer\"><div class=\"wpb_row\"><div class=\"container clearfix\"><div class=\"column vc_span3 wpb_column column_container\"><div class=\"inner\"><div class=\"shortcode-image\"><div class=\"img img-hover\"><a href=\"https:\/\/polonifranco.com\/wp-content\/uploads\/2015\/04\/foto-3.jpg\" class=\"fancybox-gallery\"><img loading=\"lazy\" decoding=\"async\" width=\"460\" height=\"245\" src=\"https:\/\/polonifranco.com\/wp-content\/uploads\/2015\/04\/foto-3-460x245.jpg\" alt=\"\" title=\"\" \/><div class=\"overlay\"><\/div><\/a><\/div><\/div><\/div><\/div><div class=\"column vc_span9 wpb_column column_container\"><div class=\"inner\"><div class=\"wpb_text_column wpb_content_element\"><div class=\"wpb_wrapper clearfix\">El<strong> \u00abPOLONI FRANCO SRL\u00bb<\/strong> naci\u00f3 hace cuarenta a\u00f1os e inmediatamente se hace apreciar por la competencia y el profesionalismo muestra. Como a\u00f1os van por la experiencia y la audacia de los poseedores lleva la empresa al logro de importante termina y se transmiten este hechos naturalmente al servicio le ofreci\u00f3 a la clientela en cuanto a llamado a consulta, surtido y garant\u00eda en los productos.<\/p>\n<p>En POLONI FRANCO SRL les encontrar\u00e1 todo las partes de repuesto por los camiones, del artefacto completo a la saeta sola. Adem\u00e1s acordamos de un inmenso surtido de artefactos por barcos y de generadores presentes. Pero nuestro punto de fuerza es el suministro de diferenciales, ejes y caya de velocidades. Acordamos de una inmensa cantidad de productos por cada m\u00e1quina y de cualquier fabricante.<br \/>\nIn\u00fatil agrega que podemos darlo un llamado a consulta en el arco de 24 horas. El rescate es r\u00e1pido, en Italia acerca de los pa\u00edses extranjeros.<\/p>\n<p>Contacto nosotros por cualquier informaci\u00f3n o por tiene una estimaci\u00f3n de gasto.<\/div><\/div><\/div><\/div><\/div><\/div>\n<\/div>","protected":false},"excerpt":{"rendered":"El \"POLONI FRANCO SRL\" naci\u00f3 hace cuarenta a\u00f1os e inmediatamente se hace apreciar por la competencia y el profesionalismo muestra. Como a\u00f1os van por la experiencia y la audacia de los poseedores lleva la empresa al logro de importante termina y se transmiten este hechos naturalmente al servicio le ofreci\u00f3 a la clientela en cuanto [...]","protected":false},"author":1,"featured_media":0,"parent":0,"menu_order":0,"comment_status":"closed","ping_status":"closed","template":"","meta":{"footnotes":""},"class_list":["post-40","page","type-page","status-publish","hentry"],"_links":{"self":[{"href":"https:\/\/polonifranco.com\/es\/wp-json\/wp\/v2\/pages\/40","targetHints":{"allow":["GET"]}}],"collection":[{"href":"https:\/\/polonifranco.com\/es\/wp-json\/wp\/v2\/pages"}],"about":[{"href":"https:\/\/polonifranco.com\/es\/wp-json\/wp\/v2\/types\/page"}],"author":[{"embeddable":true,"href":"https:\/\/polonifranco.com\/es\/wp-json\/wp\/v2\/users\/1"}],"replies":[{"embeddable":true,"href":"https:\/\/polonifranco.com\/es\/wp-json\/wp\/v2\/comments?post=40"}],"version-history":[{"count":20,"href":"https:\/\/polonifranco.com\/es\/wp-json\/wp\/v2\/pages\/40\/revisions"}],"predecessor-version":[{"id":203,"href":"https:\/\/polonifranco.com\/es\/wp-json\/wp\/v2\/pages\/40\/revisions\/203"}],"wp:attachment":[{"href":"https:\/\/polonifranco.com\/es\/wp-json\/wp\/v2\/media?parent=40"}],"curies":[{"name":"wp","href":"https:\/\/api.w.org\/{rel}","templated":true}]}}